{"id":243,"date":"2026-04-29T15:13:49","date_gmt":"2026-04-29T15:13:49","guid":{"rendered":"https:\/\/p01.posibilidades.mx\/?page_id=243"},"modified":"2026-05-07T19:30:26","modified_gmt":"2026-05-07T19:30:26","slug":"ubicacion","status":"publish","type":"page","link":"https:\/\/p01.posibilidades.mx\/?page_id=243","title":{"rendered":"Ubicaci\u00f3n"},"content":{"rendered":"\t\t<div data-elementor-type=\"wp-page\" data-elementor-id=\"243\" class=\"elementor elementor-243\" data-elementor-post-type=\"page\">\n\t\t\t\t<header class=\"elementor-element elementor-element-5a592bc6 e-con-full e-flex e-con e-parent\" data-id=\"5a592bc6\" data-element_type=\"container\" data-e-type=\"container\">\n\t\t\t\t<div class=\"elementor-element elementor-element-944532c elementor-widget elementor-widget-heading\" data-id=\"944532c\" data-element_type=\"widget\" data-e-type=\"widget\" data-widget_type=\"heading.default\">\n\t\t\t\t\t<h2 class=\"elementor-heading-title elementor-size-default\">Ubicaci\u00f3n<\/h2>\t\t\t\t<\/div>\n\t\t\t\t<\/header>\n\t\t<div class=\"elementor-element elementor-element-42f3d42e e-con-full e-flex e-con e-parent\" data-id=\"42f3d42e\" data-element_type=\"container\" data-e-type=\"container\">\n\t\t<div class=\"elementor-element elementor-element-52e7c110 e-con-full e-flex e-con e-child\" data-id=\"52e7c110\" data-element_type=\"container\" data-e-type=\"container\" data-settings=\"{&quot;background_background&quot;:&quot;classic&quot;}\">\n\t\t\t\t<div class=\"elementor-element elementor-element-1a6caa19 elementor-widget elementor-widget-google_maps\" data-id=\"1a6caa19\" data-element_type=\"widget\" data-e-type=\"widget\" data-widget_type=\"google_maps.default\">\n\t\t\t\t\t\t\t<div class=\"elementor-custom-embed\">\n\t\t\t<iframe loading=\"lazy\"\n\t\t\t\t\tsrc=\"https:\/\/maps.google.com\/maps?q=Blvd.%20C%C3%B3rdoba-Fortin%20%2360.%20Colonia%20Tlacotengo.%20C.P.%2094470.%20Fortin%2C%20Ver%2C%20M%C3%A9xico.&#038;t=m&#038;z=17&#038;output=embed&#038;iwloc=near\"\n\t\t\t\t\ttitle=\"Blvd. C\u00f3rdoba-Fortin #60. Colonia Tlacotengo. C.P. 94470. Fortin, Ver, M\u00e9xico.\"\n\t\t\t\t\taria-label=\"Blvd. C\u00f3rdoba-Fortin #60. Colonia Tlacotengo. C.P. 94470. Fortin, Ver, M\u00e9xico.\"\n\t\t\t><\/iframe>\n\t\t<\/div>\n\t\t\t\t\t\t<\/div>\n\t\t\t\t<\/div>\n\t\t<div class=\"elementor-element elementor-element-7021d908 e-con-full e-flex e-con e-child\" data-id=\"7021d908\" data-element_type=\"container\" data-e-type=\"container\">\n\t\t\t\t<div class=\"elementor-element elementor-element-695a6600 elementor-widget elementor-widget-heading\" data-id=\"695a6600\" data-element_type=\"widget\" data-e-type=\"widget\" data-widget_type=\"heading.default\">\n\t\t\t\t\t<h2 class=\"elementor-heading-title elementor-size-default\">Oficinas<\/h2>\t\t\t\t<\/div>\n\t\t\t\t<div class=\"elementor-element elementor-element-72dd3d75 elementor-widget elementor-widget-icon-box\" data-id=\"72dd3d75\" data-element_type=\"widget\" data-e-type=\"widget\" data-widget_type=\"icon-box.default\">\n\t\t\t\t\t\t\t<div class=\"elementor-icon-box-wrapper\">\n\n\t\t\t\n\t\t\t\t\t\t<div class=\"elementor-icon-box-content\">\n\n\t\t\t\t\t\t\t\t\t<h4 class=\"elementor-icon-box-title\">\n\t\t\t\t\t\t<span  >\n\t\t\t\t\t\t\tCORDOBA, VER (Matr\u00edz)\t\t\t\t\t\t<\/span>\n\t\t\t\t\t<\/h4>\n\t\t\t\t\n\t\t\t\t\t\t\t\t\t<p class=\"elementor-icon-box-description\">\n\t\t\t\t\t\t\nBlvd. C\u00f3rdoba-Fortin #60.\nColonia Tlacotengo.\nC.P. 94470. Fortin, Ver, M\u00e9xico.\n+52 (271) 717 0204\n+52 (271) 714 2448\t\t\t\t\t<\/p>\n\t\t\t\t\n\t\t\t<\/div>\n\t\t\t\n\t\t<\/div>\n\t\t\t\t\t\t<\/div>\n\t\t\t\t<div class=\"elementor-element elementor-element-f9d14e6 elementor-widget elementor-widget-icon-box\" data-id=\"f9d14e6\" data-element_type=\"widget\" data-e-type=\"widget\" data-widget_type=\"icon-box.default\">\n\t\t\t\t\t\t\t<div class=\"elementor-icon-box-wrapper\">\n\n\t\t\t\n\t\t\t\t\t\t<div class=\"elementor-icon-box-content\">\n\n\t\t\t\t\t\t\t\t\t<h4 class=\"elementor-icon-box-title\">\n\t\t\t\t\t\t<span  >\n\t\t\t\t\t\t\tMEXICO D.F.\t\t\t\t\t\t<\/span>\n\t\t\t\t\t<\/h4>\n\t\t\t\t\n\t\t\t\t\t\t\t\t\t<p class=\"elementor-icon-box-description\">\n\t\t\t\t\t\t+52 (55) 5552 6991\n+52 (55) 5564 1652\t\t\t\t\t<\/p>\n\t\t\t\t\n\t\t\t<\/div>\n\t\t\t\n\t\t<\/div>\n\t\t\t\t\t\t<\/div>\n\t\t\t\t<div class=\"elementor-element elementor-element-889ada1 elementor-widget elementor-widget-icon-box\" data-id=\"889ada1\" data-element_type=\"widget\" data-e-type=\"widget\" data-widget_type=\"icon-box.default\">\n\t\t\t\t\t\t\t<div class=\"elementor-icon-box-wrapper\">\n\n\t\t\t\n\t\t\t\t\t\t<div class=\"elementor-icon-box-content\">\n\n\t\t\t\t\t\t\t\t\t<h4 class=\"elementor-icon-box-title\">\n\t\t\t\t\t\t<span  >\n\t\t\t\t\t\t\te mail\t\t\t\t\t\t<\/span>\n\t\t\t\t\t<\/h4>\n\t\t\t\t\n\t\t\t\t\t\t\t\t\t<p class=\"elementor-icon-box-description\">\n\t\t\t\t\t\tventas@ecomssa.com.mx\t\t\t\t\t<\/p>\n\t\t\t\t\n\t\t\t<\/div>\n\t\t\t\n\t\t<\/div>\n\t\t\t\t\t\t<\/div>\n\t\t\t\t<\/div>\n\t\t\t\t<\/div>\n\t\t\t\t<\/div>\n\t\t","protected":false},"excerpt":{"rendered":"<p>Ubicaci\u00f3n Oficinas CORDOBA, VER (Matr\u00edz) Blvd. C\u00f3rdoba-Fortin #60. Colonia Tlacotengo. C.P. 94470. Fortin, Ver, M\u00e9xico. +52 (271) 717 0204 +52 (271) 714 2448 MEXICO D.F. +52 (55) 5552 6991 +52 (55) 5564 1652 e mail ventas@ecomssa.com.mx<\/p>\n","protected":false},"author":1,"featured_media":0,"parent":0,"menu_order":0,"comment_status":"closed","ping_status":"closed","template":"elementor_header_footer","meta":{"footnotes":""},"class_list":["post-243","page","type-page","status-publish","hentry"],"_links":{"self":[{"href":"https:\/\/p01.posibilidades.mx\/index.php?rest_route=\/wp\/v2\/pages\/243","targetHints":{"allow":["GET"]}}],"collection":[{"href":"https:\/\/p01.posibilidades.mx\/index.php?rest_route=\/wp\/v2\/pages"}],"about":[{"href":"https:\/\/p01.posibilidades.mx\/index.php?rest_route=\/wp\/v2\/types\/page"}],"author":[{"embeddable":true,"href":"https:\/\/p01.posibilidades.mx\/index.php?rest_route=\/wp\/v2\/users\/1"}],"replies":[{"embeddable":true,"href":"https:\/\/p01.posibilidades.mx\/index.php?rest_route=%2Fwp%2Fv2%2Fcomments&post=243"}],"version-history":[{"count":13,"href":"https:\/\/p01.posibilidades.mx\/index.php?rest_route=\/wp\/v2\/pages\/243\/revisions"}],"predecessor-version":[{"id":1013,"href":"https:\/\/p01.posibilidades.mx\/index.php?rest_route=\/wp\/v2\/pages\/243\/revisions\/1013"}],"wp:attachment":[{"href":"https:\/\/p01.posibilidades.mx\/index.php?rest_route=%2Fwp%2Fv2%2Fmedia&parent=243"}],"curies":[{"name":"wp","href":"https:\/\/api.w.org\/{rel}","templated":true}]}}